{"id":2849,"date":"2021-07-21T23:46:38","date_gmt":"2021-07-21T21:46:38","guid":{"rendered":"https:\/\/angelonia.fr\/?post_type=product&#038;p=2849"},"modified":"2021-10-01T09:16:21","modified_gmt":"2021-10-01T07:16:21","slug":"petit-bouquet-ricki","status":"publish","type":"product","link":"https:\/\/angelonia.fr\/en\/product\/petit-bouquet-ricki\/","title":{"rendered":"Petit bouquet Ricki"},"content":{"rendered":"<p>Ce petit bouquet l\u00e9ger et vaporeux apportera une touche lumineuse et color\u00e9e \u00e0 votre int\u00e9rieur. Il est compos\u00e9 de gramin\u00e9es l\u00e9g\u00e8res, d&rsquo;immortelles, de broom bloom, de phalaris, il trouvera sa place partout gr\u00e2ce \u00e0\u00a0 sa forme classique et intemporelle. Id\u00e9e cadeau \u00e0 petit prix !<\/p>\n<p><strong>Dimensions : hauteur : 22 cm environ, diam\u00e8tre :\u00a0 18 cm.<\/strong><\/p>","protected":false},"excerpt":{"rendered":"<p>Existe en 4 coloris : blanc, jaune, rose, bleu.<\/p>","protected":false},"featured_media":2859,"comment_status":"open","ping_status":"closed","template":"","meta":{"iawp_total_views":0},"product_brand":[],"product_cat":[76],"product_tag":[],"class_list":{"0":"post-2849","1":"product","2":"type-product","3":"status-publish","4":"has-post-thumbnail","6":"product_cat-decoration-florale-sechee","8":"first","9":"instock","10":"taxable","11":"shipping-taxable","12":"purchasable","13":"product-type-variable","14":"layout-style-2","15":"col-md-4 col-sm-4 col-xs-6","16":"col-lg-3","17":"product-has-gallery","18":"product-style-addtocart"},"_links":{"self":[{"href":"https:\/\/angelonia.fr\/en\/wp-json\/wp\/v2\/product\/2849","targetHints":{"allow":["GET"]}}],"collection":[{"href":"https:\/\/angelonia.fr\/en\/wp-json\/wp\/v2\/product"}],"about":[{"href":"https:\/\/angelonia.fr\/en\/wp-json\/wp\/v2\/types\/product"}],"replies":[{"embeddable":true,"href":"https:\/\/angelonia.fr\/en\/wp-json\/wp\/v2\/comments?post=2849"}],"version-history":[{"count":0,"href":"https:\/\/angelonia.fr\/en\/wp-json\/wp\/v2\/product\/2849\/revisions"}],"wp:featuredmedia":[{"embeddable":true,"href":"https:\/\/angelonia.fr\/en\/wp-json\/wp\/v2\/media\/2859"}],"wp:attachment":[{"href":"https:\/\/angelonia.fr\/en\/wp-json\/wp\/v2\/media?parent=2849"}],"wp:term":[{"taxonomy":"product_brand","embeddable":true,"href":"https:\/\/angelonia.fr\/en\/wp-json\/wp\/v2\/product_brand?post=2849"},{"taxonomy":"product_cat","embeddable":true,"href":"https:\/\/angelonia.fr\/en\/wp-json\/wp\/v2\/product_cat?post=2849"},{"taxonomy":"product_tag","embeddable":true,"href":"https:\/\/angelonia.fr\/en\/wp-json\/wp\/v2\/product_tag?post=2849"}],"curies":[{"name":"wp","href":"https:\/\/api.w.org\/{rel}","templated":true}]}}