{"id":2866,"date":"2021-07-22T00:15:22","date_gmt":"2021-07-21T22:15:22","guid":{"rendered":"https:\/\/angelonia.fr\/?post_type=product&#038;p=2866"},"modified":"2021-08-08T11:44:32","modified_gmt":"2021-08-08T09:44:32","slug":"vase-twist","status":"publish","type":"product","link":"https:\/\/angelonia.fr\/en\/product\/vase-twist\/","title":{"rendered":"Vase Twist"},"content":{"rendered":"<p>Ce vase sublimera \u00e0 merveille vos bouquets de fleurs s\u00e9ch\u00e9es et apportera une touche tendance \u00e0 votre int\u00e9rieur.<\/p>\n<p>Il peut \u00e9galement accueillir vos bouquets de fleurs fra\u00eeches gr\u00e2ce \u00e0 son tube en verre fourni, \u00e0 ins\u00e9rer \u00e0 l&rsquo;int\u00e9rieur qui le rend \u00e9tanche.<\/p>\n<p><strong>Diam\u00e8tre du tube en verre : 3 cm x 20 cm<\/strong><br \/>\n<strong>Hauteur du vase : 20 cm<\/strong><\/p>\n<p>Il est imprim\u00e9 en 3D \u00e0 partir de 40% de bois recycl\u00e9 et de 60% d&rsquo;amidon de ma\u00efs, nos designs sont \u00e9co-responsables et ne contiennent pas de plastique \u00e0 base de p\u00e9trole.<\/p>\n<p><em><strong>Mat\u00e9riaux<\/strong><\/em><br \/>\n60% amidon de ma\u00efs et 40% copeaux de bois recycl\u00e9s<\/p>\n<p>Il existe en 2 coloris : dor\u00e9 et noir<\/p>","protected":false},"excerpt":{"rendered":"<p>Ce vase sublimera \u00e0 merveille vos bouquets de fleurs s\u00e9ch\u00e9es et apportera une touche tendance \u00e0 votre int\u00e9rieur.<\/p>","protected":false},"featured_media":3021,"comment_status":"open","ping_status":"closed","template":"","meta":{"iawp_total_views":0},"product_brand":[],"product_cat":[65],"product_tag":[],"class_list":{"0":"post-2866","1":"product","2":"type-product","3":"status-publish","4":"has-post-thumbnail","6":"product_cat-decoration","8":"first","9":"instock","10":"taxable","11":"shipping-taxable","12":"purchasable","13":"product-type-variable","14":"new","15":"layout-style-2","16":"col-md-4 col-sm-4 col-xs-6","17":"col-lg-3","18":"product-has-gallery","19":"product-style-addtocart"},"_links":{"self":[{"href":"https:\/\/angelonia.fr\/en\/wp-json\/wp\/v2\/product\/2866","targetHints":{"allow":["GET"]}}],"collection":[{"href":"https:\/\/angelonia.fr\/en\/wp-json\/wp\/v2\/product"}],"about":[{"href":"https:\/\/angelonia.fr\/en\/wp-json\/wp\/v2\/types\/product"}],"replies":[{"embeddable":true,"href":"https:\/\/angelonia.fr\/en\/wp-json\/wp\/v2\/comments?post=2866"}],"version-history":[{"count":0,"href":"https:\/\/angelonia.fr\/en\/wp-json\/wp\/v2\/product\/2866\/revisions"}],"wp:featuredmedia":[{"embeddable":true,"href":"https:\/\/angelonia.fr\/en\/wp-json\/wp\/v2\/media\/3021"}],"wp:attachment":[{"href":"https:\/\/angelonia.fr\/en\/wp-json\/wp\/v2\/media?parent=2866"}],"wp:term":[{"taxonomy":"product_brand","embeddable":true,"href":"https:\/\/angelonia.fr\/en\/wp-json\/wp\/v2\/product_brand?post=2866"},{"taxonomy":"product_cat","embeddable":true,"href":"https:\/\/angelonia.fr\/en\/wp-json\/wp\/v2\/product_cat?post=2866"},{"taxonomy":"product_tag","embeddable":true,"href":"https:\/\/angelonia.fr\/en\/wp-json\/wp\/v2\/product_tag?post=2866"}],"curies":[{"name":"wp","href":"https:\/\/api.w.org\/{rel}","templated":true}]}}