{"id":2897,"date":"2021-07-26T23:13:56","date_gmt":"2021-07-26T21:13:56","guid":{"rendered":"https:\/\/angelonia.fr\/?post_type=product&#038;p=2897"},"modified":"2024-10-25T23:53:37","modified_gmt":"2024-10-25T21:53:37","slug":"vase-large-onde","status":"publish","type":"product","link":"https:\/\/angelonia.fr\/en\/product\/vase-large-onde\/","title":{"rendered":"Vase large Onde Beige"},"content":{"rendered":"<p>D\u00e9corez avec go\u00fbt et modernit\u00e9 votre int\u00e9rieur tout en respectant l&rsquo;environnement, laissez vous s\u00e9duire par ce vase minimaliste \u00e0 la mati\u00e8re \u00e9tonnante, naturelle et agr\u00e9able.<\/p>\n<p>Ce vase fait 15cm de large et 15cm de haut, parfait pour vos gros bouquets de fleurs s\u00e9ch\u00e9es, il n&rsquo;est pas \u00e9tanche.<\/p>\n<p><strong>Pens\u00e9 et fabriqu\u00e9 en France.<\/strong><\/p>\n<p>Imprim\u00e9s en 3D \u00e0 partir de 40% de bois recycl\u00e9 et de 60% d&rsquo;amidon de ma\u00efs, nos design sont \u00e9co-responsables et ne contiennent pas de plastique \u00e0 base de p\u00e9trole.<\/p>\n<p><strong>Dimensions<\/strong><br \/>\n20cm de haut<\/p>\n<p><strong>Mat\u00e9riaux<\/strong><br \/>\n40% bois<br \/>\n60% amidon de ma\u00efs<\/p>","protected":false},"excerpt":{"rendered":"<p>D\u00e9corez avec go\u00fbt et modernit\u00e9 votre int\u00e9rieur tout en respectant l&rsquo;environnement, laissez vous s\u00e9duire par ce vase minimaliste \u00e0 la mati\u00e8re \u00e9tonnante, naturelle et agr\u00e9able.<\/p>","protected":false},"featured_media":2969,"comment_status":"open","ping_status":"closed","template":"","meta":{"iawp_total_views":0},"product_brand":[],"product_cat":[65],"product_tag":[],"class_list":{"0":"post-2897","1":"product","2":"type-product","3":"status-publish","4":"has-post-thumbnail","6":"product_cat-decoration","8":"first","9":"instock","10":"taxable","11":"shipping-taxable","12":"purchasable","13":"product-type-simple","14":"new","15":"layout-style-2","16":"col-md-4 col-sm-4 col-xs-6","17":"col-lg-3","18":"product-has-gallery","19":"product-style-addtocart"},"_links":{"self":[{"href":"https:\/\/angelonia.fr\/en\/wp-json\/wp\/v2\/product\/2897","targetHints":{"allow":["GET"]}}],"collection":[{"href":"https:\/\/angelonia.fr\/en\/wp-json\/wp\/v2\/product"}],"about":[{"href":"https:\/\/angelonia.fr\/en\/wp-json\/wp\/v2\/types\/product"}],"replies":[{"embeddable":true,"href":"https:\/\/angelonia.fr\/en\/wp-json\/wp\/v2\/comments?post=2897"}],"version-history":[{"count":0,"href":"https:\/\/angelonia.fr\/en\/wp-json\/wp\/v2\/product\/2897\/revisions"}],"wp:featuredmedia":[{"embeddable":true,"href":"https:\/\/angelonia.fr\/en\/wp-json\/wp\/v2\/media\/2969"}],"wp:attachment":[{"href":"https:\/\/angelonia.fr\/en\/wp-json\/wp\/v2\/media?parent=2897"}],"wp:term":[{"taxonomy":"product_brand","embeddable":true,"href":"https:\/\/angelonia.fr\/en\/wp-json\/wp\/v2\/product_brand?post=2897"},{"taxonomy":"product_cat","embeddable":true,"href":"https:\/\/angelonia.fr\/en\/wp-json\/wp\/v2\/product_cat?post=2897"},{"taxonomy":"product_tag","embeddable":true,"href":"https:\/\/angelonia.fr\/en\/wp-json\/wp\/v2\/product_tag?post=2897"}],"curies":[{"name":"wp","href":"https:\/\/api.w.org\/{rel}","templated":true}]}}