{"id":3004,"date":"2021-08-06T13:28:53","date_gmt":"2021-08-06T11:28:53","guid":{"rendered":"https:\/\/angelonia.fr\/?post_type=product&#038;p=3004"},"modified":"2021-09-20T13:01:54","modified_gmt":"2021-09-20T11:01:54","slug":"bouquet-de-pieds-dalouette-delphiniums-secs-naturels","status":"publish","type":"product","link":"https:\/\/angelonia.fr\/en\/product\/bouquet-de-pieds-dalouette-delphiniums-secs-naturels\/","title":{"rendered":"Bouquet de Pieds d&rsquo;alouette (Delphiniums secs naturels)"},"content":{"rendered":"<p>Les pieds d&rsquo;alouette ou <strong>Delphinium<\/strong> sont des fleurs toute en longueur,<strong> leur hampe florale donne du corps et de la hauteur \u00e0 vos cr\u00e9ations<\/strong>.<\/p>\n<p>M\u00e9langez quelques tiges de gypsophile, des roses s\u00e9ch\u00e9es et vous aurez un bouquet frais et raffin\u00e9 !<\/p>","protected":false},"excerpt":{"rendered":"<p>Les pieds d&rsquo;alouette ou Delphinium sont des fleurs toute en longueur, leur hampe florale donne du corps et de la hauteur \u00e0 vos cr\u00e9ations.<\/p>","protected":false},"featured_media":3011,"comment_status":"open","ping_status":"closed","template":"","meta":{"iawp_total_views":15},"product_brand":[],"product_cat":[56],"product_tag":[],"class_list":{"0":"post-3004","1":"product","2":"type-product","3":"status-publish","4":"has-post-thumbnail","6":"product_cat-fleurs-sechees-bouquets-composes","8":"first","9":"instock","10":"taxable","11":"shipping-taxable","12":"purchasable","13":"product-type-variable","14":"layout-style-2","15":"col-md-4 col-sm-4 col-xs-6","16":"col-lg-3","17":"product-has-gallery","18":"product-style-addtocart"},"_links":{"self":[{"href":"https:\/\/angelonia.fr\/en\/wp-json\/wp\/v2\/product\/3004","targetHints":{"allow":["GET"]}}],"collection":[{"href":"https:\/\/angelonia.fr\/en\/wp-json\/wp\/v2\/product"}],"about":[{"href":"https:\/\/angelonia.fr\/en\/wp-json\/wp\/v2\/types\/product"}],"replies":[{"embeddable":true,"href":"https:\/\/angelonia.fr\/en\/wp-json\/wp\/v2\/comments?post=3004"}],"version-history":[{"count":0,"href":"https:\/\/angelonia.fr\/en\/wp-json\/wp\/v2\/product\/3004\/revisions"}],"wp:featuredmedia":[{"embeddable":true,"href":"https:\/\/angelonia.fr\/en\/wp-json\/wp\/v2\/media\/3011"}],"wp:attachment":[{"href":"https:\/\/angelonia.fr\/en\/wp-json\/wp\/v2\/media?parent=3004"}],"wp:term":[{"taxonomy":"product_brand","embeddable":true,"href":"https:\/\/angelonia.fr\/en\/wp-json\/wp\/v2\/product_brand?post=3004"},{"taxonomy":"product_cat","embeddable":true,"href":"https:\/\/angelonia.fr\/en\/wp-json\/wp\/v2\/product_cat?post=3004"},{"taxonomy":"product_tag","embeddable":true,"href":"https:\/\/angelonia.fr\/en\/wp-json\/wp\/v2\/product_tag?post=3004"}],"curies":[{"name":"wp","href":"https:\/\/api.w.org\/{rel}","templated":true}]}}