{"id":3195,"date":"2021-08-31T18:22:37","date_gmt":"2021-08-31T16:22:37","guid":{"rendered":"https:\/\/angelonia.fr\/?post_type=product&#038;p=3195"},"modified":"2025-02-11T09:32:39","modified_gmt":"2025-02-11T07:32:39","slug":"dessous-de-verre","status":"publish","type":"product","link":"https:\/\/angelonia.fr\/en\/product\/dessous-de-verre\/","title":{"rendered":"Dessous de verre en bois d&rsquo;olivier"},"content":{"rendered":"<div id=\":t8\" class=\"ii gt\">\n<div id=\":t7\" class=\"a3s aiL\">\n<div dir=\"auto\">\n<div dir=\"auto\">Dessous de verre brut de forme al\u00e9atoire, il sera tr\u00e8s original lors de vos ap\u00e9ritifs d\u00eenatoire, pour pr\u00e9senter des mini-tapas par exemple.<\/div>\n<\/div>\n<\/div>\n<div class=\"yj6qo\">Lot de 4 dessous de verre.<\/div>\n<div id=\":t7\" class=\"a3s aiL\">\n<div class=\"adL\"><\/div>\n<\/div>\n<\/div>\n<div id=\":kz\" class=\"hq gt\"><strong>Diam\u00e8tre : 11 cm<\/strong><\/div>","protected":false},"excerpt":{"rendered":"<p>Dessous de verre brut de forme al\u00e9atoire. Lot de 4 pi\u00e8ces.<\/p>","protected":false},"featured_media":3196,"comment_status":"open","ping_status":"closed","template":"","meta":{"iawp_total_views":1},"product_brand":[],"product_cat":[65,83],"product_tag":[],"class_list":{"0":"post-3195","1":"product","2":"type-product","3":"status-publish","4":"has-post-thumbnail","6":"product_cat-decoration","7":"product_cat-bois-dolivier","9":"first","10":"instock","11":"sale","12":"taxable","13":"shipping-taxable","14":"purchasable","15":"product-type-simple","16":"new","17":"layout-style-2","18":"col-md-4 col-sm-4 col-xs-6","19":"col-lg-3","20":"product-has-gallery","21":"product-style-addtocart"},"_links":{"self":[{"href":"https:\/\/angelonia.fr\/en\/wp-json\/wp\/v2\/product\/3195","targetHints":{"allow":["GET"]}}],"collection":[{"href":"https:\/\/angelonia.fr\/en\/wp-json\/wp\/v2\/product"}],"about":[{"href":"https:\/\/angelonia.fr\/en\/wp-json\/wp\/v2\/types\/product"}],"replies":[{"embeddable":true,"href":"https:\/\/angelonia.fr\/en\/wp-json\/wp\/v2\/comments?post=3195"}],"version-history":[{"count":1,"href":"https:\/\/angelonia.fr\/en\/wp-json\/wp\/v2\/product\/3195\/revisions"}],"predecessor-version":[{"id":3560,"href":"https:\/\/angelonia.fr\/en\/wp-json\/wp\/v2\/product\/3195\/revisions\/3560"}],"wp:featuredmedia":[{"embeddable":true,"href":"https:\/\/angelonia.fr\/en\/wp-json\/wp\/v2\/media\/3196"}],"wp:attachment":[{"href":"https:\/\/angelonia.fr\/en\/wp-json\/wp\/v2\/media?parent=3195"}],"wp:term":[{"taxonomy":"product_brand","embeddable":true,"href":"https:\/\/angelonia.fr\/en\/wp-json\/wp\/v2\/product_brand?post=3195"},{"taxonomy":"product_cat","embeddable":true,"href":"https:\/\/angelonia.fr\/en\/wp-json\/wp\/v2\/product_cat?post=3195"},{"taxonomy":"product_tag","embeddable":true,"href":"https:\/\/angelonia.fr\/en\/wp-json\/wp\/v2\/product_tag?post=3195"}],"curies":[{"name":"wp","href":"https:\/\/api.w.org\/{rel}","templated":true}]}}