{"id":3240,"date":"2021-09-09T14:19:15","date_gmt":"2021-09-09T12:19:15","guid":{"rendered":"https:\/\/angelonia.fr\/?post_type=product&#038;p=3240"},"modified":"2024-12-19T11:25:06","modified_gmt":"2024-12-19T09:25:06","slug":"lagurus-ovatus","status":"publish","type":"product","link":"https:\/\/angelonia.fr\/en\/product\/lagurus-ovatus\/","title":{"rendered":"Lagurus ovatus"},"content":{"rendered":"<p>Appel\u00e9 aussi queue de li\u00e8vre ou gros-minet, le lagurus ovatus apportera<strong> beaucoup de douceur \u00e0 vos compositions<\/strong> !<\/p>\n<p>La botte p\u00e8se 50 grammes.<\/p>","protected":false},"excerpt":{"rendered":"<p>Lagurus ovatus, il est appel\u00e9 aussi queue de li\u00e8vre ou gros-minet&#8230;<\/p>","protected":false},"featured_media":3242,"comment_status":"open","ping_status":"closed","template":"","meta":{"iawp_total_views":8},"product_brand":[],"product_cat":[56],"product_tag":[],"class_list":{"0":"post-3240","1":"product","2":"type-product","3":"status-publish","4":"has-post-thumbnail","6":"product_cat-fleurs-sechees-bouquets-composes","8":"first","9":"instock","10":"taxable","11":"shipping-taxable","12":"purchasable","13":"product-type-variable","14":"new","15":"layout-style-2","16":"col-md-4 col-sm-4 col-xs-6","17":"col-lg-3","18":"product-has-gallery","19":"product-style-addtocart"},"_links":{"self":[{"href":"https:\/\/angelonia.fr\/en\/wp-json\/wp\/v2\/product\/3240","targetHints":{"allow":["GET"]}}],"collection":[{"href":"https:\/\/angelonia.fr\/en\/wp-json\/wp\/v2\/product"}],"about":[{"href":"https:\/\/angelonia.fr\/en\/wp-json\/wp\/v2\/types\/product"}],"replies":[{"embeddable":true,"href":"https:\/\/angelonia.fr\/en\/wp-json\/wp\/v2\/comments?post=3240"}],"version-history":[{"count":0,"href":"https:\/\/angelonia.fr\/en\/wp-json\/wp\/v2\/product\/3240\/revisions"}],"wp:featuredmedia":[{"embeddable":true,"href":"https:\/\/angelonia.fr\/en\/wp-json\/wp\/v2\/media\/3242"}],"wp:attachment":[{"href":"https:\/\/angelonia.fr\/en\/wp-json\/wp\/v2\/media?parent=3240"}],"wp:term":[{"taxonomy":"product_brand","embeddable":true,"href":"https:\/\/angelonia.fr\/en\/wp-json\/wp\/v2\/product_brand?post=3240"},{"taxonomy":"product_cat","embeddable":true,"href":"https:\/\/angelonia.fr\/en\/wp-json\/wp\/v2\/product_cat?post=3240"},{"taxonomy":"product_tag","embeddable":true,"href":"https:\/\/angelonia.fr\/en\/wp-json\/wp\/v2\/product_tag?post=3240"}],"curies":[{"name":"wp","href":"https:\/\/api.w.org\/{rel}","templated":true}]}}