{"id":3409,"date":"2021-10-13T10:42:21","date_gmt":"2021-10-13T08:42:21","guid":{"rendered":"https:\/\/angelonia.fr\/?post_type=product&#038;p=3409"},"modified":"2024-01-28T19:27:50","modified_gmt":"2024-01-28T17:27:50","slug":"jardiniere-aux-hortensias-et-roses-sechees","status":"publish","type":"product","link":"https:\/\/angelonia.fr\/en\/product\/jardiniere-aux-hortensias-et-roses-sechees\/","title":{"rendered":"Jardini\u00e8re aux hortensias et roses s\u00e9ch\u00e9es"},"content":{"rendered":"<p>Une composition unique et durable, \u00e9co responsable ! Cette jardini\u00e8re est compos\u00e9e d&rsquo;hortensias naturels verts, bleut\u00e9s, des roses s\u00e9ch\u00e9es rose tendre, du gypsophile, de l&rsquo;origan naturel.<\/p>\n<p>Dimensions : 30 cm de longueur, 22 cm de hauteur et 20 cm de largeur.<\/p>\n<p>Fabriqu\u00e9e avec tous nos soins dans nos ateliers en Provence !<\/p>","protected":false},"excerpt":{"rendered":"<p>Jardini\u00e8re aux hortensias et roses s\u00e9ch\u00e9es, Fabriqu\u00e9e avec tous nos soins dans nos ateliers en Provence !<\/p>","protected":false},"featured_media":3410,"comment_status":"open","ping_status":"closed","template":"","meta":{"iawp_total_views":0},"product_brand":[],"product_cat":[76],"product_tag":[],"class_list":{"0":"post-3409","1":"product","2":"type-product","3":"status-publish","4":"has-post-thumbnail","6":"product_cat-decoration-florale-sechee","8":"first","9":"instock","10":"sale","11":"taxable","12":"shipping-taxable","13":"purchasable","14":"product-type-simple","15":"layout-style-2","16":"col-md-4 col-sm-4 col-xs-6","17":"col-lg-3","18":"product-has-gallery","19":"product-style-addtocart"},"_links":{"self":[{"href":"https:\/\/angelonia.fr\/en\/wp-json\/wp\/v2\/product\/3409","targetHints":{"allow":["GET"]}}],"collection":[{"href":"https:\/\/angelonia.fr\/en\/wp-json\/wp\/v2\/product"}],"about":[{"href":"https:\/\/angelonia.fr\/en\/wp-json\/wp\/v2\/types\/product"}],"replies":[{"embeddable":true,"href":"https:\/\/angelonia.fr\/en\/wp-json\/wp\/v2\/comments?post=3409"}],"version-history":[{"count":1,"href":"https:\/\/angelonia.fr\/en\/wp-json\/wp\/v2\/product\/3409\/revisions"}],"predecessor-version":[{"id":3415,"href":"https:\/\/angelonia.fr\/en\/wp-json\/wp\/v2\/product\/3409\/revisions\/3415"}],"wp:featuredmedia":[{"embeddable":true,"href":"https:\/\/angelonia.fr\/en\/wp-json\/wp\/v2\/media\/3410"}],"wp:attachment":[{"href":"https:\/\/angelonia.fr\/en\/wp-json\/wp\/v2\/media?parent=3409"}],"wp:term":[{"taxonomy":"product_brand","embeddable":true,"href":"https:\/\/angelonia.fr\/en\/wp-json\/wp\/v2\/product_brand?post=3409"},{"taxonomy":"product_cat","embeddable":true,"href":"https:\/\/angelonia.fr\/en\/wp-json\/wp\/v2\/product_cat?post=3409"},{"taxonomy":"product_tag","embeddable":true,"href":"https:\/\/angelonia.fr\/en\/wp-json\/wp\/v2\/product_tag?post=3409"}],"curies":[{"name":"wp","href":"https:\/\/api.w.org\/{rel}","templated":true}]}}