{"id":3411,"date":"2021-10-14T16:08:06","date_gmt":"2021-10-14T14:08:06","guid":{"rendered":"https:\/\/angelonia.fr\/?post_type=product&#038;p=3411"},"modified":"2025-05-28T15:18:11","modified_gmt":"2025-05-28T13:18:11","slug":"grande-corbeille-de-fleurs-sechees-garriga","status":"publish","type":"product","link":"https:\/\/angelonia.fr\/en\/product\/grande-corbeille-de-fleurs-sechees-garriga\/","title":{"rendered":"Grande corbeille de fleurs s\u00e9ch\u00e9es dans des tons de jaune orange et brun"},"content":{"rendered":"<h2 data-start=\"223\" data-end=\"330\">Grande corbeille de fleurs s\u00e9ch\u00e9es \u2013 Tons chauds, jaune, orange et brun \u2013 D\u00e9co boh\u00e8me chic &amp; campagne<\/h2>\n<p data-start=\"332\" data-end=\"667\">Apportez une <strong data-start=\"345\" data-end=\"384\">ambiance chaleureuse et ensoleill\u00e9e<\/strong> \u00e0 votre int\u00e9rieur avec cette <strong data-start=\"414\" data-end=\"452\">grande corbeille de fleurs s\u00e9ch\u00e9es<\/strong> dans des <strong data-start=\"462\" data-end=\"509\">teintes naturelles de jaune, orang\u00e9 et brun<\/strong>. Id\u00e9ale pour une <strong data-start=\"527\" data-end=\"553\">d\u00e9coration boh\u00e8me chic<\/strong>, <strong data-start=\"555\" data-end=\"576\">campagne \u00e9l\u00e9gante<\/strong> ou <strong data-start=\"580\" data-end=\"597\">esprit nature<\/strong>, cette cr\u00e9ation florale unique attire imm\u00e9diatement l&rsquo;\u0153il et le c\u0153ur.<\/p>\n<h3 data-start=\"669\" data-end=\"718\">\ud83c\udf3c Une composition artisanale 100 % naturelle<\/h3>\n<p data-start=\"719\" data-end=\"1029\">Chaque fleur est s\u00e9lectionn\u00e9e avec soin et assembl\u00e9e \u00e0 la main dans notre atelier. Les <strong data-start=\"806\" data-end=\"835\">immortelles jaunes du Var<\/strong>, cultiv\u00e9es en Provence, illuminent la composition et lui apportent \u00e9clat et authenticit\u00e9. Cette pi\u00e8ce est con\u00e7ue avec des <strong data-start=\"958\" data-end=\"996\">fleurs s\u00e9ch\u00e9es locales et durables<\/strong>, sans aucun traitement chimique.<\/p>\n<h3 data-start=\"1031\" data-end=\"1080\">\u2728 Une d\u00e9coration v\u00e9g\u00e9tale \u00e9l\u00e9gante et durable<\/h3>\n<p data-start=\"1081\" data-end=\"1242\">Parfait pour sublimer une <strong data-start=\"1107\" data-end=\"1166\">entr\u00e9e, une chemin\u00e9e, un centre de table ou une \u00e9tag\u00e8re<\/strong>, ce panier XXL s\u2019adapte \u00e0 tous les styles d\u2019int\u00e9rieur naturels et boh\u00e8mes.<\/p>\n<hr data-start=\"1244\" data-end=\"1247\" \/>\n<h3 data-start=\"1249\" data-end=\"1268\">\ud83d\udccf Dimensions :<\/h3>\n<p data-start=\"1271\" data-end=\"1289\">Longueur : 50 cm<\/p>\n<p data-start=\"1271\" data-end=\"1289\">Largeur : 40 cm<\/p>\n<p data-start=\"1271\" data-end=\"1289\">Hauteur : 40 cm<\/p>\n<hr data-start=\"1329\" data-end=\"1332\" \/>\n<h3 data-start=\"1334\" data-end=\"1369\">\ud83c\udfa8 Personnalisation sur demande<\/h3>\n<p data-start=\"1370\" data-end=\"1561\">Vous souhaitez une corbeille dans des teintes <strong data-start=\"1416\" data-end=\"1463\">rose poudr\u00e9, lavande, cr\u00e8me ou bleu profond<\/strong> ?<br data-start=\"1465\" data-end=\"1468\" \/>\ud83d\udc49 Contactez-nous via le <a class=\"\" href=\"#\" rel=\"noopener\" data-start=\"1493\" data-end=\"1519\">formulaire de contact<\/a> pour une <strong data-start=\"1529\" data-end=\"1560\">cr\u00e9ation florale sur-mesure<\/strong>.<\/p>\n<hr data-start=\"1563\" data-end=\"1566\" \/>\n<h3 data-start=\"1568\" data-end=\"1587\"><\/h3>\n<p>&nbsp;<\/p>\n<p>&nbsp;<\/p>","protected":false},"excerpt":{"rendered":"<p>Pour un d\u00e9co durable, originale, boh\u00e8me chic et naturelle. Les fleurs sont cultiv\u00e9es en Provence, la composition est unique !<\/p>","protected":false},"featured_media":3417,"comment_status":"open","ping_status":"closed","template":"","meta":{"iawp_total_views":14},"product_brand":[],"product_cat":[76,15],"product_tag":[],"class_list":{"0":"post-3411","1":"product","2":"type-product","3":"status-publish","4":"has-post-thumbnail","6":"product_cat-decoration-florale-sechee","7":"product_cat-discount","9":"first","10":"instock","11":"sale","12":"purchasable","13":"product-type-simple","14":"layout-style-2","15":"col-md-4 col-sm-4 col-xs-6","16":"col-lg-3","17":"product-has-gallery","18":"product-style-addtocart"},"_links":{"self":[{"href":"https:\/\/angelonia.fr\/en\/wp-json\/wp\/v2\/product\/3411","targetHints":{"allow":["GET"]}}],"collection":[{"href":"https:\/\/angelonia.fr\/en\/wp-json\/wp\/v2\/product"}],"about":[{"href":"https:\/\/angelonia.fr\/en\/wp-json\/wp\/v2\/types\/product"}],"replies":[{"embeddable":true,"href":"https:\/\/angelonia.fr\/en\/wp-json\/wp\/v2\/comments?post=3411"}],"version-history":[{"count":4,"href":"https:\/\/angelonia.fr\/en\/wp-json\/wp\/v2\/product\/3411\/revisions"}],"predecessor-version":[{"id":3887,"href":"https:\/\/angelonia.fr\/en\/wp-json\/wp\/v2\/product\/3411\/revisions\/3887"}],"wp:featuredmedia":[{"embeddable":true,"href":"https:\/\/angelonia.fr\/en\/wp-json\/wp\/v2\/media\/3417"}],"wp:attachment":[{"href":"https:\/\/angelonia.fr\/en\/wp-json\/wp\/v2\/media?parent=3411"}],"wp:term":[{"taxonomy":"product_brand","embeddable":true,"href":"https:\/\/angelonia.fr\/en\/wp-json\/wp\/v2\/product_brand?post=3411"},{"taxonomy":"product_cat","embeddable":true,"href":"https:\/\/angelonia.fr\/en\/wp-json\/wp\/v2\/product_cat?post=3411"},{"taxonomy":"product_tag","embeddable":true,"href":"https:\/\/angelonia.fr\/en\/wp-json\/wp\/v2\/product_tag?post=3411"}],"curies":[{"name":"wp","href":"https:\/\/api.w.org\/{rel}","templated":true}]}}