{"id":3451,"date":"2022-02-07T16:36:01","date_gmt":"2022-02-07T14:36:01","guid":{"rendered":"https:\/\/angelonia.fr\/?post_type=product&#038;p=3451"},"modified":"2022-02-07T16:36:02","modified_gmt":"2022-02-07T14:36:02","slug":"petit-bouquet-dinvite-jaune","status":"publish","type":"product","link":"https:\/\/angelonia.fr\/en\/product\/petit-bouquet-dinvite-jaune\/","title":{"rendered":"Petit bouquet d&rsquo;invit\u00e9 jaune"},"content":{"rendered":"<p>Ravissant petit bouquet d&rsquo;invit\u00e9 \u00e0 offrir ou \u00e0 poser dans les assiettes, en d\u00e9cor de table. Il est compos\u00e9 de feuillages pr\u00e9serv\u00e9 brun, d&rsquo;immortelles du Var jaune, une rose s\u00e9ch\u00e9e jaune naturelle apporte raffinement \u00e0 ce d\u00e9licat bouquet. Garni d&rsquo;un lien de raphia.<\/p>\n<p>Longueur : 25cm, largeur : 12cm.<\/p>\n<p>Possibilit\u00e9 de r\u00e9aliser ce bouquet dans d&rsquo;autres coloris, voir formulaire de contact.<\/p>","protected":false},"excerpt":{"rendered":"<p>Ravissant petit bouquet d&rsquo;invit\u00e9 \u00e0 offrir ou \u00e0 poser dans les assiettes.<\/p>","protected":false},"featured_media":3454,"comment_status":"open","ping_status":"closed","template":"","meta":{"iawp_total_views":0},"product_brand":[],"product_cat":[76],"product_tag":[],"class_list":{"0":"post-3451","1":"product","2":"type-product","3":"status-publish","4":"has-post-thumbnail","6":"product_cat-decoration-florale-sechee","8":"first","9":"instock","10":"taxable","11":"shipping-taxable","12":"purchasable","13":"product-type-simple","14":"layout-style-2","15":"col-md-4 col-sm-4 col-xs-6","16":"col-lg-3","17":"product-has-gallery","18":"product-style-addtocart"},"_links":{"self":[{"href":"https:\/\/angelonia.fr\/en\/wp-json\/wp\/v2\/product\/3451","targetHints":{"allow":["GET"]}}],"collection":[{"href":"https:\/\/angelonia.fr\/en\/wp-json\/wp\/v2\/product"}],"about":[{"href":"https:\/\/angelonia.fr\/en\/wp-json\/wp\/v2\/types\/product"}],"replies":[{"embeddable":true,"href":"https:\/\/angelonia.fr\/en\/wp-json\/wp\/v2\/comments?post=3451"}],"version-history":[{"count":0,"href":"https:\/\/angelonia.fr\/en\/wp-json\/wp\/v2\/product\/3451\/revisions"}],"wp:featuredmedia":[{"embeddable":true,"href":"https:\/\/angelonia.fr\/en\/wp-json\/wp\/v2\/media\/3454"}],"wp:attachment":[{"href":"https:\/\/angelonia.fr\/en\/wp-json\/wp\/v2\/media?parent=3451"}],"wp:term":[{"taxonomy":"product_brand","embeddable":true,"href":"https:\/\/angelonia.fr\/en\/wp-json\/wp\/v2\/product_brand?post=3451"},{"taxonomy":"product_cat","embeddable":true,"href":"https:\/\/angelonia.fr\/en\/wp-json\/wp\/v2\/product_cat?post=3451"},{"taxonomy":"product_tag","embeddable":true,"href":"https:\/\/angelonia.fr\/en\/wp-json\/wp\/v2\/product_tag?post=3451"}],"curies":[{"name":"wp","href":"https:\/\/api.w.org\/{rel}","templated":true}]}}