{"id":3622,"date":"2024-05-07T17:48:50","date_gmt":"2024-05-07T15:48:50","guid":{"rendered":"https:\/\/angelonia.fr\/?post_type=product&#038;p=3622"},"modified":"2024-12-19T11:24:54","modified_gmt":"2024-12-19T09:24:54","slug":"gypsophile-stabilise-eternise-bleu","status":"publish","type":"product","link":"https:\/\/angelonia.fr\/en\/product\/gypsophile-stabilise-eternise-bleu\/","title":{"rendered":"Gypsophile stabilis\u00e9, \u00e9ternis\u00e9 bleu"},"content":{"rendered":"<p>Gypsophile stabilis\u00e9, \u00e9ternis\u00e9 bleu pour vos compositions l\u00e9g\u00e8res et raffin\u00e9e. Le gypsophile porte bonheur et se pr\u00eate \u00e0 merveille pour vos arrangements<\/p>\n<p>floraux\u00a0 festifs : mariage, bapt\u00eame, f\u00eates \u00e0 th\u00e8mes. Il peut \u00eatre tr\u00e8s utile pour de mini compositions, petits bouquets d&rsquo;invit\u00e9s; ses minuscules fleurs a\u00e9riennes sont parfaites pour apporter douceur et \u00e9l\u00e9gance \u00e0 tous vos bouquets. Celui-ci est stabilis\u00e9 ce qui lui donne une grande souplesse et beaucoup de tenue.<\/p>\n<p>Le bouquet p\u00e8se 100 grammes et mesure 60 cm environ.<\/p>\n<h2>Les plantes stabilis\u00e9es sont 100% naturelles. Elles s&rsquo;exposent uniquement en int\u00e9rieur. Elles ne requi\u00e8rent aucun entretien, aucun arrosage, aucune luminosit\u00e9 particuli\u00e8re, elles peuvent \u00e9gayer une pi\u00e8ce sombre l\u00e0 o\u00f9 de vraies plantes ne pourraient\u00a0 pas s&rsquo;\u00e9panouir . Les plantes ou fleurs stabilis\u00e9es ou pr\u00e9serv\u00e9es gardent leur fra\u00eecheur et leur souplesse pendant plusieurs ann\u00e9es. Quelques conseils pour que vos v\u00e9g\u00e9taux stabilis\u00e9s gardent leur aspect\u202f:<\/h2>\n<ul>\n<li>Manipulez les v\u00e9g\u00e9taux avec soin et d\u00e9licatesse (plantes naturelles donc fragiles).<\/li>\n<li>\u00c9viter les pi\u00e8ces o\u00f9 l\u2019humidit\u00e9 relative est sup\u00e9rieure \u00e0 80 %. Utilisez ces produits dans des int\u00e9rieurs o\u00f9 la temp\u00e9rature n\u2019est pas inf\u00e9rieure \u00e0 10\u00b0C.<\/li>\n<li>\u00c9vitez les fluctuations brutales de temp\u00e9rature.<\/li>\n<li>\u00c9vitez de positionner les plantes stabilis\u00e9es juste devant une climatisation.<\/li>\n<\/ul>","protected":false},"excerpt":{"rendered":"<p>Gypsophile stabilis\u00e9, \u00e9ternis\u00e9 pour vos compositions l\u00e9g\u00e8res et raffin\u00e9e. Le gypsophile porte bonheur et se pr\u00eate \u00e0 merveille pour vos arrangements<\/p>\n<p>floraux\u00a0 festifs.<\/p>","protected":false},"featured_media":3623,"comment_status":"open","ping_status":"closed","template":"","meta":{"iawp_total_views":9},"product_brand":[],"product_cat":[65],"product_tag":[],"class_list":{"0":"post-3622","1":"product","2":"type-product","3":"status-publish","4":"has-post-thumbnail","6":"product_cat-decoration","8":"first","9":"instock","10":"purchasable","11":"product-type-simple","12":"layout-style-2","13":"col-md-4 col-sm-4 col-xs-6","14":"col-lg-3","15":"product-has-gallery","16":"product-style-addtocart"},"_links":{"self":[{"href":"https:\/\/angelonia.fr\/en\/wp-json\/wp\/v2\/product\/3622","targetHints":{"allow":["GET"]}}],"collection":[{"href":"https:\/\/angelonia.fr\/en\/wp-json\/wp\/v2\/product"}],"about":[{"href":"https:\/\/angelonia.fr\/en\/wp-json\/wp\/v2\/types\/product"}],"replies":[{"embeddable":true,"href":"https:\/\/angelonia.fr\/en\/wp-json\/wp\/v2\/comments?post=3622"}],"version-history":[{"count":1,"href":"https:\/\/angelonia.fr\/en\/wp-json\/wp\/v2\/product\/3622\/revisions"}],"predecessor-version":[{"id":3627,"href":"https:\/\/angelonia.fr\/en\/wp-json\/wp\/v2\/product\/3622\/revisions\/3627"}],"wp:featuredmedia":[{"embeddable":true,"href":"https:\/\/angelonia.fr\/en\/wp-json\/wp\/v2\/media\/3623"}],"wp:attachment":[{"href":"https:\/\/angelonia.fr\/en\/wp-json\/wp\/v2\/media?parent=3622"}],"wp:term":[{"taxonomy":"product_brand","embeddable":true,"href":"https:\/\/angelonia.fr\/en\/wp-json\/wp\/v2\/product_brand?post=3622"},{"taxonomy":"product_cat","embeddable":true,"href":"https:\/\/angelonia.fr\/en\/wp-json\/wp\/v2\/product_cat?post=3622"},{"taxonomy":"product_tag","embeddable":true,"href":"https:\/\/angelonia.fr\/en\/wp-json\/wp\/v2\/product_tag?post=3622"}],"curies":[{"name":"wp","href":"https:\/\/api.w.org\/{rel}","templated":true}]}}