{"id":3669,"date":"2024-12-04T12:57:00","date_gmt":"2024-12-04T10:57:00","guid":{"rendered":"https:\/\/angelonia.fr\/?post_type=product&#038;p=3669"},"modified":"2024-12-31T16:13:13","modified_gmt":"2024-12-31T14:13:13","slug":"fleur-danthurium-stabilise-preserve","status":"publish","type":"product","link":"https:\/\/angelonia.fr\/en\/product\/fleur-danthurium-stabilise-preserve\/","title":{"rendered":"Fleur d&rsquo;Anthurium stabilis\u00e9, pr\u00e9serv\u00e9"},"content":{"rendered":"<p>Fleur d&rsquo;<strong>Anthurium<\/strong> stabilis\u00e9, <strong>pr\u00e9serv\u00e9<\/strong>.<\/p>\n<p>Dans le langage des fleurs, <strong>l&rsquo;Anthurium<\/strong> porte une signification de prosp\u00e9rit\u00e9, d&rsquo;abondance et de bonne fortune, un message porteur de sens pour vos bouquets et <strong>cr\u00e9ations\u00a0 florales.<\/strong> L&rsquo;Anthurium <strong>stabilis\u00e9<\/strong>, pr\u00e9serv\u00e9 est une fleur graphique et \u00e9l\u00e9gante . Gr\u00e2ce au processus de stabilisation, il conserve son apparence fra\u00eeche et naturelle pendant plusieurs ann\u00e9es, sans besoin d&rsquo;entretien sp\u00e9cifique. Id\u00e9al dans un int\u00e9rieur moderne,\u00a0 il offre une alternative durable,<strong> \u00e9cologique<\/strong> et esth\u00e9tique aux fleurs fra\u00eeches.<\/p>\n<p><strong>L\u2019Anthurium<\/strong>, \u00e9galement connu sous le nom de <strong>Langue de feu<\/strong> ou <strong>Fleur flamant<\/strong>, est une plante tropicale originaire des for\u00eats humides d\u2019Am\u00e9rique centrale et d\u2019Am\u00e9rique du Sud. Il appartient \u00e0 la famille des <strong>Arac\u00e9es<\/strong>.<\/p>\n<p>Lot de 3 tiges pr\u00e9sent\u00e9es dans une bo\u00eete, je peux confectionner un emballage cadeau dans un papier transparent.<\/p>\n<h3><strong>Processus de pr\u00e9servation :<\/strong><\/h3>\n<p>Les fleurs sont cueillies \u00e0 leur apog\u00e9e, puis plong\u00e9es dans une solution \u00e0 base de glyc\u00e9rine et de colorants naturels alimentaires. Ce proc\u00e9d\u00e9 remplace la s\u00e8ve et permet de figer leur beaut\u00e9 sans n\u00e9cessiter d\u2019eau ni d\u2019entretien particulier.<\/p>\n<h3><strong>Avantages :<\/strong><\/h3>\n<ul>\n<li>Longue dur\u00e9e de vie (jusqu\u2019\u00e0 3 ans ou plus).<\/li>\n<li>Aucun arrosage ni entretien.<\/li>\n<li>\u00c9cologiques : elles r\u00e9duisent le gaspillage par rapport aux fleurs fra\u00eeches.<\/li>\n<li>Disponibles dans une grande vari\u00e9t\u00e9 de couleurs et de formes.<\/li>\n<\/ul>","protected":false},"excerpt":{"rendered":"<p>Fleur d&rsquo;<strong>Anthurium<\/strong> stabilis\u00e9, <strong>pr\u00e9serv\u00e9<\/strong>.<\/p>\n<p>Dans le langage des fleurs, <strong>l&rsquo;Anthurium<\/strong> porte une signification de prosp\u00e9rit\u00e9, d&rsquo;abondance et de bonne fortune, un message porteur de sens pour vos bouquets et <strong>cr\u00e9ations\u00a0 florales.<\/strong> L&rsquo;Anthurium <strong>stabilis\u00e9<\/strong>, pr\u00e9serv\u00e9 est une fleur graphique et \u00e9l\u00e9gante .<\/p>","protected":false},"featured_media":3673,"comment_status":"open","ping_status":"closed","template":"","meta":{"iawp_total_views":13},"product_brand":[],"product_cat":[15],"product_tag":[],"class_list":{"0":"post-3669","1":"product","2":"type-product","3":"status-publish","4":"has-post-thumbnail","6":"product_cat-discount","8":"first","9":"instock","10":"sale","11":"taxable","12":"shipping-taxable","13":"purchasable","14":"product-type-simple","15":"layout-style-2","16":"col-md-4 col-sm-4 col-xs-6","17":"col-lg-3","18":"product-has-gallery","19":"product-style-addtocart"},"_links":{"self":[{"href":"https:\/\/angelonia.fr\/en\/wp-json\/wp\/v2\/product\/3669","targetHints":{"allow":["GET"]}}],"collection":[{"href":"https:\/\/angelonia.fr\/en\/wp-json\/wp\/v2\/product"}],"about":[{"href":"https:\/\/angelonia.fr\/en\/wp-json\/wp\/v2\/types\/product"}],"replies":[{"embeddable":true,"href":"https:\/\/angelonia.fr\/en\/wp-json\/wp\/v2\/comments?post=3669"}],"version-history":[{"count":0,"href":"https:\/\/angelonia.fr\/en\/wp-json\/wp\/v2\/product\/3669\/revisions"}],"wp:featuredmedia":[{"embeddable":true,"href":"https:\/\/angelonia.fr\/en\/wp-json\/wp\/v2\/media\/3673"}],"wp:attachment":[{"href":"https:\/\/angelonia.fr\/en\/wp-json\/wp\/v2\/media?parent=3669"}],"wp:term":[{"taxonomy":"product_brand","embeddable":true,"href":"https:\/\/angelonia.fr\/en\/wp-json\/wp\/v2\/product_brand?post=3669"},{"taxonomy":"product_cat","embeddable":true,"href":"https:\/\/angelonia.fr\/en\/wp-json\/wp\/v2\/product_cat?post=3669"},{"taxonomy":"product_tag","embeddable":true,"href":"https:\/\/angelonia.fr\/en\/wp-json\/wp\/v2\/product_tag?post=3669"}],"curies":[{"name":"wp","href":"https:\/\/api.w.org\/{rel}","templated":true}]}}