{"id":3840,"date":"2025-05-23T17:03:57","date_gmt":"2025-05-23T15:03:57","guid":{"rendered":"https:\/\/angelonia.fr\/?post_type=product&#038;p=3840"},"modified":"2025-05-23T17:13:37","modified_gmt":"2025-05-23T15:13:37","slug":"lot-de-4-sachets-de-lavande-sechee-faits-main-en-france","status":"publish","type":"product","link":"https:\/\/angelonia.fr\/en\/product\/lot-de-4-sachets-de-lavande-sechee-faits-main-en-france\/","title":{"rendered":"Lot de 4 Sachets de Lavande S\u00e9ch\u00e9e \u2013 Faits Main en France"},"content":{"rendered":"<h4 data-start=\"1270\" data-end=\"1319\">\ud83c\udf3f L\u2019\u00e2me de la Provence dans votre quotidien<\/h4>\n<p data-start=\"1321\" data-end=\"1523\">Plongez dans la douceur d\u2019un \u00e9t\u00e9 en <strong>Provence<\/strong> gr\u00e2ce \u00e0 nos <strong>sachets de lavande<\/strong> artisanaux. Chaque sachet contient des<strong> fleurs de lavande s\u00e9ch\u00e9es<\/strong>, r\u00e9colt\u00e9es localement et gliss\u00e9es dans un tissu naturel cousu \u00e0 la main.<\/p>\n<p data-start=\"660\" data-end=\"931\">Glissez un de ces sachets sous votre oreiller pour favoriser un sommeil profond et r\u00e9parateur\u2026<br data-start=\"754\" data-end=\"757\" \/>Placez les dans votre armoire pour parfumer d\u00e9licatement votre linge de notes florales et pures\u2026<br data-start=\"855\" data-end=\"858\" \/>Ces petits sachets ont ce pouvoir magique de transformer les petits instants du quotidien en rituels de bien-\u00eatre.<\/p>\n<hr data-start=\"1525\" data-end=\"1528\" \/>\n<h4 data-start=\"1530\" data-end=\"1557\">\u2728 Bienfaits &amp; usages :<\/h4>\n<h4 data-start=\"1530\" data-end=\"1557\">\ud83c\udf19<span style=\"color: #7c7c80; font-size: 14px;\"> Favorise le <\/span><strong style=\"color: #7c7c80; font-size: 14px;\" data-start=\"1575\" data-end=\"1586\">sommeil<\/strong><span style=\"color: #7c7c80; font-size: 14px;\"> et r\u00e9duit le stress<\/span><\/h4>\n<h4 data-start=\"1530\" data-end=\"1557\">\ud83d\udc57<span style=\"color: #7c7c80; font-size: 14px;\"> Parfume <\/span><strong style=\"color: #7c7c80; font-size: 14px;\" data-start=\"1620\" data-end=\"1648\">l\u2019armoire ou les tiroirs<\/strong><span style=\"color: #7c7c80; font-size: 14px;\"> tout en repoussant les <\/span><strong style=\"color: #7c7c80; font-size: 14px;\" data-start=\"1672\" data-end=\"1681\">mites<\/strong><\/h4>\n<h4 data-start=\"1530\" data-end=\"1557\">\ud83c\udf81<span style=\"color: #7c7c80; font-size: 14px;\"> Parfait comme <\/span><strong style=\"color: #7c7c80; font-size: 14px;\" data-start=\"1701\" data-end=\"1721\">cadeau bien-\u00eatre<\/strong><span style=\"color: #7c7c80; font-size: 14px;\">, pour un mariage, une naissance ou une attention naturelle<\/span><\/h4>\n<hr data-start=\"1782\" data-end=\"1785\" \/>\n<h4 data-start=\"1787\" data-end=\"1815\">\ud83d\udccb D\u00e9tails du produit :<\/h4>\n<p data-start=\"1818\" data-end=\"1860\">4 sachets en <strong data-start=\"1831\" data-end=\"1850\">tissu coton<\/strong>\u00a0(8&#215;10 cm)<\/p>\n<p data-start=\"1863\" data-end=\"1911\">Environ <strong>72\u00a0g de lavande<\/strong> s\u00e9ch\u00e9e (18 g\/sachet)<\/p>\n<p data-start=\"1914\" data-end=\"1971\">Lavande cultiv\u00e9e <strong data-start=\"1931\" data-end=\"1949\">sans pesticide<\/strong>, r\u00e9colt\u00e9e en Provence<\/p>\n<h4 data-start=\"2013\" data-end=\"2052\"><\/h4>\n<h4 data-start=\"2013\" data-end=\"2052\"><\/h4>\n<h4 data-start=\"2013\" data-end=\"2052\"><\/h4>","protected":false},"excerpt":{"rendered":"<p data-start=\"1126\" data-end=\"1263\">Parfum naturel et relaxant, offrez \u00e0 votre int\u00e9rieur un souffle de s\u00e9r\u00e9nit\u00e9 venu tout droit des champs de lavande de Haute-Provence<\/p>","protected":false},"featured_media":3841,"comment_status":"open","ping_status":"closed","template":"","meta":{"iawp_total_views":4},"product_brand":[],"product_cat":[69],"product_tag":[],"class_list":{"0":"post-3840","1":"product","2":"type-product","3":"status-publish","4":"has-post-thumbnail","6":"product_cat-senteurs","8":"first","9":"instock","10":"purchasable","11":"product-type-simple","12":"layout-style-2","13":"col-md-4 col-sm-4 col-xs-6","14":"col-lg-3","15":"product-has-gallery","16":"product-style-addtocart"},"_links":{"self":[{"href":"https:\/\/angelonia.fr\/en\/wp-json\/wp\/v2\/product\/3840","targetHints":{"allow":["GET"]}}],"collection":[{"href":"https:\/\/angelonia.fr\/en\/wp-json\/wp\/v2\/product"}],"about":[{"href":"https:\/\/angelonia.fr\/en\/wp-json\/wp\/v2\/types\/product"}],"replies":[{"embeddable":true,"href":"https:\/\/angelonia.fr\/en\/wp-json\/wp\/v2\/comments?post=3840"}],"version-history":[{"count":4,"href":"https:\/\/angelonia.fr\/en\/wp-json\/wp\/v2\/product\/3840\/revisions"}],"predecessor-version":[{"id":3845,"href":"https:\/\/angelonia.fr\/en\/wp-json\/wp\/v2\/product\/3840\/revisions\/3845"}],"wp:featuredmedia":[{"embeddable":true,"href":"https:\/\/angelonia.fr\/en\/wp-json\/wp\/v2\/media\/3841"}],"wp:attachment":[{"href":"https:\/\/angelonia.fr\/en\/wp-json\/wp\/v2\/media?parent=3840"}],"wp:term":[{"taxonomy":"product_brand","embeddable":true,"href":"https:\/\/angelonia.fr\/en\/wp-json\/wp\/v2\/product_brand?post=3840"},{"taxonomy":"product_cat","embeddable":true,"href":"https:\/\/angelonia.fr\/en\/wp-json\/wp\/v2\/product_cat?post=3840"},{"taxonomy":"product_tag","embeddable":true,"href":"https:\/\/angelonia.fr\/en\/wp-json\/wp\/v2\/product_tag?post=3840"}],"curies":[{"name":"wp","href":"https:\/\/api.w.org\/{rel}","templated":true}]}}