{"id":3961,"date":"2025-07-11T10:47:02","date_gmt":"2025-07-11T08:47:02","guid":{"rendered":"https:\/\/angelonia.fr\/?post_type=product&#038;p=3961"},"modified":"2026-02-18T02:24:12","modified_gmt":"2026-02-18T00:24:12","slug":"palm-cup-flower-sechee-teintee-or-ou-argent","status":"publish","type":"product","link":"https:\/\/angelonia.fr\/en\/product\/palm-cup-flower-sechee-teintee-or-ou-argent\/","title":{"rendered":"Palm Cup Flower S\u00e9ch\u00e9e \u2013 Teint\u00e9e Or ou Argent"},"content":{"rendered":"<p data-start=\"483\" data-end=\"627\">Apportez une touche d&rsquo;exotisme et de brillance \u00e0 vos <strong>cr\u00e9ations florales<\/strong> avec la <strong data-start=\"563\" data-end=\"589\">Palm Cup Flower s\u00e9ch\u00e9e<\/strong>, disponible en <strong data-start=\"605\" data-end=\"624\">dor\u00e9 ou argent\u00e9<\/strong>.<\/p>\n<p data-start=\"629\" data-end=\"897\">Issu du palmier, ce fruit s\u00e9ch\u00e9 au design unique et graphique est teint\u00e9 \u00e0 la main pour offrir un \u00e9clat m\u00e9tallique raffin\u00e9. Mont\u00e9e sur tige, la Palm Cup est parfaite pour sublimer un<strong> bouquet<\/strong>, une <strong>d\u00e9coration<\/strong> de mariage, une couronne murale ou encore un <strong>centre de table<\/strong>.<\/p>\n<p data-start=\"899\" data-end=\"1125\"><strong data-start=\"899\" data-end=\"922\">Atouts principaux :<\/strong><br data-start=\"922\" data-end=\"925\" \/>\ud83c\udf3f 100 % naturelle et durable<br data-start=\"954\" data-end=\"957\" \/>\ud83c\udf1f Finition dor\u00e9e ou argent\u00e9e selon vos envies<br data-start=\"1003\" data-end=\"1006\" \/>\ud83c\udfa8 Id\u00e9ale pour les d\u00e9corations boh\u00e8mes, chics ou de f\u00eates<br data-start=\"1063\" data-end=\"1066\" \/>\u2728 \u00c9l\u00e9ment phare dans une composition moderne et lumineuse<\/p>\n<hr data-start=\"1127\" data-end=\"1130\" \/>\n<h3 data-start=\"1132\" data-end=\"1157\">\ud83d\udccf Caract\u00e9ristiques :<\/h3>\n<p data-start=\"1161\" data-end=\"1204\"><strong data-start=\"1161\" data-end=\"1169\">Type<\/strong> : Fruit s\u00e9ch\u00e9 naturel (Palm Cup)<\/p>\n<p data-start=\"1207\" data-end=\"1250\"><strong data-start=\"1207\" data-end=\"1230\">Coloris disponibles<\/strong> : dor\u00e9 ou argent\u00e9<\/p>\n<p data-start=\"1253\" data-end=\"1284\"><strong data-start=\"1253\" data-end=\"1264\">Montage<\/strong> : sur tige rigide<\/p>\n<p data-start=\"1253\" data-end=\"1284\"><strong data-start=\"1287\" data-end=\"1298\">Hauteur<\/strong> : environ 40 \u00e0 50 cm<\/p>\n<p data-start=\"1324\" data-end=\"1362\"><strong data-start=\"1324\" data-end=\"1349\">Diam\u00e8tre de la cupule<\/strong> : 5 \u00e0 8 cm<\/p>\n<p data-start=\"1365\" data-end=\"1414\"><strong data-start=\"1365\" data-end=\"1394\">Vendu\u00a0 en lot<\/strong> <strong>de 6 tiges<\/strong><\/p>\n<hr data-start=\"1416\" data-end=\"1419\" \/>\n<h3 data-start=\"1421\" data-end=\"1451\">\ud83d\udca1 Astuce d\u00e9co Angelonia :<\/h3>\n<p data-start=\"1453\" data-end=\"1665\">Pour un effet chic et naturel, associez-la \u00e0 des <b>lagurus<\/b>, de l\u2019<strong data-start=\"1528\" data-end=\"1542\">eucalyptus<\/strong> ou des <strong data-start=\"1550\" data-end=\"1571\">immortelles roses<\/strong>. Sa texture et sa brillance subliment toutes les ambiances : boh\u00e8me, minimaliste, ou festive.<\/p>","protected":false},"excerpt":{"rendered":"<p>Palm Cup s\u00e9ch\u00e9e dor\u00e9e ou argent\u00e9e pour des cr\u00e9ations florales naturelles, chics et lumineuses. Id\u00e9ale en d\u00e9co de mariage, DIY ou bouquet raffin\u00e9.<\/p>","protected":false},"featured_media":3969,"comment_status":"open","ping_status":"closed","template":"","meta":{"iawp_total_views":116},"product_brand":[],"product_cat":[65,76],"product_tag":[],"class_list":{"0":"post-3961","1":"product","2":"type-product","3":"status-publish","4":"has-post-thumbnail","6":"product_cat-decoration","7":"product_cat-decoration-florale-sechee","9":"first","10":"instock","11":"purchasable","12":"product-type-variable","13":"layout-style-2","14":"col-md-4 col-sm-4 col-xs-6","15":"col-lg-3","16":"product-has-gallery","17":"product-style-addtocart"},"_links":{"self":[{"href":"https:\/\/angelonia.fr\/en\/wp-json\/wp\/v2\/product\/3961","targetHints":{"allow":["GET"]}}],"collection":[{"href":"https:\/\/angelonia.fr\/en\/wp-json\/wp\/v2\/product"}],"about":[{"href":"https:\/\/angelonia.fr\/en\/wp-json\/wp\/v2\/types\/product"}],"replies":[{"embeddable":true,"href":"https:\/\/angelonia.fr\/en\/wp-json\/wp\/v2\/comments?post=3961"}],"version-history":[{"count":1,"href":"https:\/\/angelonia.fr\/en\/wp-json\/wp\/v2\/product\/3961\/revisions"}],"predecessor-version":[{"id":3962,"href":"https:\/\/angelonia.fr\/en\/wp-json\/wp\/v2\/product\/3961\/revisions\/3962"}],"wp:featuredmedia":[{"embeddable":true,"href":"https:\/\/angelonia.fr\/en\/wp-json\/wp\/v2\/media\/3969"}],"wp:attachment":[{"href":"https:\/\/angelonia.fr\/en\/wp-json\/wp\/v2\/media?parent=3961"}],"wp:term":[{"taxonomy":"product_brand","embeddable":true,"href":"https:\/\/angelonia.fr\/en\/wp-json\/wp\/v2\/product_brand?post=3961"},{"taxonomy":"product_cat","embeddable":true,"href":"https:\/\/angelonia.fr\/en\/wp-json\/wp\/v2\/product_cat?post=3961"},{"taxonomy":"product_tag","embeddable":true,"href":"https:\/\/angelonia.fr\/en\/wp-json\/wp\/v2\/product_tag?post=3961"}],"curies":[{"name":"wp","href":"https:\/\/api.w.org\/{rel}","templated":true}]}}